{"id":47,"date":"2025-12-09T09:55:04","date_gmt":"2025-12-09T09:55:04","guid":{"rendered":"https:\/\/ringiv.wpriser.com\/?page_id=47"},"modified":"2025-12-18T08:21:21","modified_gmt":"2025-12-18T08:21:21","slug":"info","status":"publish","type":"page","link":"http:\/\/veidistadir-is.hill.shared.1984.is\/?page_id=47","title":{"rendered":"Uppl\u00fdsingar"},"content":{"rendered":"\t\t<div data-elementor-type=\"wp-page\" data-elementor-id=\"47\" class=\"elementor elementor-47\" data-elementor-post-type=\"page\">\n\t\t\t\t<section class=\"elementor-element elementor-element-3dfff4d gradient-sky e-flex e-con-boxed e-con e-parent\" data-id=\"3dfff4d\" data-element_type=\"container\" data-e-type=\"container\">\n\t\t\t\t\t<div class=\"e-con-inner\">\n\t\t<div class=\"elementor-element elementor-element-78eb1e6 e-con-full e-flex e-con e-child\" data-id=\"78eb1e6\" data-element_type=\"container\" data-e-type=\"container\">\n\t\t\t\t<div class=\"elementor-element elementor-element-1529bea elementor-mobile-align-center elementor-icon-list--layout-inline elementor-list-item-link-full_width elementor-widget elementor-widget-icon-list\" data-id=\"1529bea\" data-element_type=\"widget\" data-e-type=\"widget\" data-widget_type=\"icon-list.default\">\n\t\t\t\t\t\t\t<ul class=\"elementor-icon-list-items elementor-inline-items\">\n\t\t\t\t\t\t\t<li class=\"elementor-icon-list-item elementor-inline-item\">\n\t\t\t\t\t\t\t\t\t\t\t<a href=\"http:\/\/veidistadir-is.hill.shared.1984.is\">\n\n\t\t\t\t\t\t\t\t\t\t\t<span class=\"elementor-icon-list-text\">Heim<\/span>\n\t\t\t\t\t\t\t\t\t\t\t<\/a>\n\t\t\t\t\t\t\t\t\t<\/li>\n\t\t\t\t\t\t\t\t<li class=\"elementor-icon-list-item elementor-inline-item\">\n\t\t\t\t\t\t\t\t\t\t\t<a href=\"http:\/\/veidistadir-is.hill.shared.1984.is\/?page_id=43\">\n\n\t\t\t\t\t\t\t\t\t\t\t\t<span class=\"elementor-icon-list-icon\">\n\t\t\t\t\t\t\t<svg aria-hidden=\"true\" class=\"e-font-icon-svg e-fas-caret-right\" viewBox=\"0 0 192 512\" xmlns=\"http:\/\/www.w3.org\/2000\/svg\"><path d=\"M0 384.662V127.338c0-17.818 21.543-26.741 34.142-14.142l128.662 128.662c7.81 7.81 7.81 20.474 0 28.284L34.142 398.804C21.543 411.404 0 402.48 0 384.662z\"><\/path><\/svg>\t\t\t\t\t\t<\/span>\n\t\t\t\t\t\t\t\t\t\t<span class=\"elementor-icon-list-text\">Uppl\u00fdsingar<\/span>\n\t\t\t\t\t\t\t\t\t\t\t<\/a>\n\t\t\t\t\t\t\t\t\t<\/li>\n\t\t\t\t\t\t<\/ul>\n\t\t\t\t\t\t<\/div>\n\t\t\t\t<div class=\"elementor-element elementor-element-9c344fe elementor-widget elementor-widget-heading\" data-id=\"9c344fe\" data-element_type=\"widget\" data-e-type=\"widget\" data-widget_type=\"heading.default\">\n\t\t\t\t\t<h2 class=\"elementor-heading-title elementor-size-default\">Uppl\u00fdsingar um vei\u00f0ar\n<\/h2>\t\t\t\t<\/div>\n\t\t\t\t<div class=\"elementor-element elementor-element-6d8869c elementor-invisible elementor-widget elementor-widget-heading\" data-id=\"6d8869c\" data-element_type=\"widget\" data-e-type=\"widget\" data-settings=\"{&quot;_animation&quot;:&quot;fadeInUp&quot;}\" data-widget_type=\"heading.default\">\n\t\t\t\t\t<h2 class=\"elementor-heading-title elementor-size-default\">Allt sem \u00fe\u00fa \u00fearft a\u00f0 vita um stangvei\u00f0ar \u00e1 \u00cdslandi - reglur, leyfi og r\u00e1\u00f0leggingar.\n\n<\/h2>\t\t\t\t<\/div>\n\t\t\t\t<\/div>\n\t\t\t\t\t<\/div>\n\t\t\t\t<\/section>\n\t\t<div class=\"elementor-element elementor-element-45e1515 e-flex e-con-boxed e-con e-parent\" data-id=\"45e1515\" data-element_type=\"container\" data-e-type=\"container\" data-settings=\"{&quot;background_background&quot;:&quot;classic&quot;}\">\n\t\t\t\t\t<div class=\"e-con-inner\">\n\t\t<div class=\"elementor-element elementor-element-b51c73a e-con-full e-flex e-con e-child\" data-id=\"b51c73a\" data-element_type=\"container\" data-e-type=\"container\" data-settings=\"{&quot;background_background&quot;:&quot;classic&quot;}\">\n\t\t\t\t<div class=\"elementor-element elementor-element-1f82a0c elementor-position-inline-start elementor-mobile-position-inline-start elementor-view-default elementor-widget elementor-widget-icon-box\" data-id=\"1f82a0c\" data-element_type=\"widget\" data-e-type=\"widget\" data-widget_type=\"icon-box.default\">\n\t\t\t\t\t\t\t<div class=\"elementor-icon-box-wrapper\">\n\n\t\t\t\t\t\t<div class=\"elementor-icon-box-icon\">\n\t\t\t\t<span  class=\"elementor-icon\">\n\t\t\t\t<svg xmlns:xlink=\"http:\/\/www.w3.org\/1999\/xlink\" xmlns=\"http:\/\/www.w3.org\/2000\/svg\" width=\"24\" height=\"24\" viewBox=\"0 0 24 24\" fill=\"none\" stroke=\"currentColor\" stroke-width=\"2\" stroke-linecap=\"round\" stroke-linejoin=\"round\" class=\"lucide lucide-file-text w-6 h-6 text-primary\"><path d=\"M15 2H6a2 2 0 0 0-2 2v16a2 2 0 0 0 2 2h12a2 2 0 0 0 2-2V7Z\" stroke=\"#135B6C\" fill=\"none\" stroke-width=\"2px\"><\/path><path d=\"M14 2v4a2 2 0 0 0 2 2h4\" stroke=\"#135B6C\" fill=\"none\" stroke-width=\"2px\"><\/path><path d=\"M10 9H8\" stroke=\"#135B6C\" fill=\"none\" stroke-width=\"2px\"><\/path><path d=\"M16 13H8\" stroke=\"#135B6C\" fill=\"none\" stroke-width=\"2px\"><\/path><path d=\"M16 17H8\" stroke=\"#135B6C\" fill=\"none\" stroke-width=\"2px\"><\/path><\/svg>\t\t\t\t<\/span>\n\t\t\t<\/div>\n\t\t\t\n\t\t\t\t\t\t<div class=\"elementor-icon-box-content\">\n\n\t\t\t\t\t\t\t\t\t<h3 class=\"elementor-icon-box-title\">\n\t\t\t\t\t\t<span  >\n\t\t\t\t\t\t\tAlmenn spurningar\t\t\t\t\t\t<\/span>\n\t\t\t\t\t<\/h3>\n\t\t\t\t\n\t\t\t\t\n\t\t\t<\/div>\n\t\t\t\n\t\t<\/div>\n\t\t\t\t\t\t<\/div>\n\t\t\t\t<div class=\"elementor-element elementor-element-f10f609 elementor-widget elementor-widget-text-editor\" data-id=\"f10f609\" data-element_type=\"widget\" data-e-type=\"widget\" data-widget_type=\"text-editor.default\">\n\t\t\t\t\t\t\t\t\t<p class=\"text-muted-foreground leading-relaxed mb-4 whitespace-pre-line\">Til a\u00f0 stunda vei\u00f0i \u00e1 \u00cdslandi \u00fearf vei\u00f0ileyfi. Leyfi eru gefin \u00fat af landeigendum e\u00f0a vei\u00f0if\u00e9l\u00f6gum og gilda yfirleitt fyrir einn dag e\u00f0a lengri t\u00edmabil.<br \/><br \/>Ver\u00f0 \u00e1 vei\u00f0ileyfum er mismunandi eftir vei\u00f0isv\u00e6\u00f0um og tegund vei\u00f0i. Laxvei\u00f0ileyfi eru yfirleitt d\u00fdrust \u00e1 me\u00f0an silungsvei\u00f0i er hagkv\u00e6mari.<br \/><br \/>Sum sv\u00e6\u00f0i krefjast \u00feess a\u00f0 vei\u00f0imenn s\u00e9u me\u00f0 lei\u00f0s\u00f6gumann, s\u00e9rstaklega \u00e1 g\u00e6\u00f0avei\u00f0i\u00e1m.<\/p>\t\t\t\t\t\t\t\t<\/div>\n\t\t\t\t<\/div>\n\t\t<div class=\"elementor-element elementor-element-50d724d e-con-full e-flex e-con e-child\" data-id=\"50d724d\" data-element_type=\"container\" data-e-type=\"container\" data-settings=\"{&quot;background_background&quot;:&quot;classic&quot;}\">\n\t\t\t\t<div class=\"elementor-element elementor-element-b0ce088 elementor-position-inline-start elementor-mobile-position-inline-start elementor-view-default elementor-widget elementor-widget-icon-box\" data-id=\"b0ce088\" data-element_type=\"widget\" data-e-type=\"widget\" data-widget_type=\"icon-box.default\">\n\t\t\t\t\t\t\t<div class=\"elementor-icon-box-wrapper\">\n\n\t\t\t\t\t\t<div class=\"elementor-icon-box-icon\">\n\t\t\t\t<span  class=\"elementor-icon\">\n\t\t\t\t<svg aria-hidden=\"true\" class=\"e-font-icon-svg e-far-calendar\" viewBox=\"0 0 448 512\" xmlns=\"http:\/\/www.w3.org\/2000\/svg\"><path d=\"M400 64h-48V12c0-6.6-5.4-12-12-12h-40c-6.6 0-12 5.4-12 12v52H160V12c0-6.6-5.4-12-12-12h-40c-6.6 0-12 5.4-12 12v52H48C21.5 64 0 85.5 0 112v352c0 26.5 21.5 48 48 48h352c26.5 0 48-21.5 48-48V112c0-26.5-21.5-48-48-48zm-6 400H54c-3.3 0-6-2.7-6-6V160h352v298c0 3.3-2.7 6-6 6z\"><\/path><\/svg>\t\t\t\t<\/span>\n\t\t\t<\/div>\n\t\t\t\n\t\t\t\t\t\t<div class=\"elementor-icon-box-content\">\n\n\t\t\t\t\t\t\t\t\t<h3 class=\"elementor-icon-box-title\">\n\t\t\t\t\t\t<span  >\n\t\t\t\t\t\t\tVei\u00f0it\u00edmabil\t\t\t\t\t\t<\/span>\n\t\t\t\t\t<\/h3>\n\t\t\t\t\n\t\t\t\t\n\t\t\t<\/div>\n\t\t\t\n\t\t<\/div>\n\t\t\t\t\t\t<\/div>\n\t\t\t\t<div class=\"elementor-element elementor-element-d795386 elementor-widget elementor-widget-text-editor\" data-id=\"d795386\" data-element_type=\"widget\" data-e-type=\"widget\" data-widget_type=\"text-editor.default\">\n\t\t\t\t\t\t\t\t\t<p>Vei\u00f0it\u00edmabil er mismunandi eftir tegund vei\u00f0i og vei\u00f0isv\u00e6\u00f0i:<br \/><br \/>\u2022 Laxvei\u00f0i: Yfirleitt fr\u00e1 1. j\u00fan\u00ed til 30. september<br \/>\u2022 Silungsvei\u00f0i: 1. apr\u00edl til 30. september<br \/>\u2022 Sj\u00f3vei\u00f0i: Allt \u00e1ri\u00f0, en sumir sta\u00f0ir hafa takmarkanir<br \/><br \/>Mikilv\u00e6gt er a\u00f0 kanna vei\u00f0it\u00edmabil hvers sv\u00e6\u00f0is \u00e1\u00f0ur en fer\u00f0ir eru skipulag\u00f0ar.<\/p>\t\t\t\t\t\t\t\t<\/div>\n\t\t\t\t<\/div>\n\t\t<div class=\"elementor-element elementor-element-e2b1d46 e-con-full e-flex e-con e-child\" data-id=\"e2b1d46\" data-element_type=\"container\" data-e-type=\"container\" data-settings=\"{&quot;background_background&quot;:&quot;classic&quot;}\">\n\t\t\t\t<div class=\"elementor-element elementor-element-c67a3db elementor-position-inline-start elementor-mobile-position-inline-start elementor-view-default elementor-widget elementor-widget-icon-box\" data-id=\"c67a3db\" data-element_type=\"widget\" data-e-type=\"widget\" data-widget_type=\"icon-box.default\">\n\t\t\t\t\t\t\t<div class=\"elementor-icon-box-wrapper\">\n\n\t\t\t\t\t\t<div class=\"elementor-icon-box-icon\">\n\t\t\t\t<span  class=\"elementor-icon\">\n\t\t\t\t<svg xmlns:xlink=\"http:\/\/www.w3.org\/1999\/xlink\" xmlns=\"http:\/\/www.w3.org\/2000\/svg\" width=\"24\" height=\"24\" viewBox=\"0 0 24 24\" fill=\"none\" stroke=\"currentColor\" stroke-width=\"2\" stroke-linecap=\"round\" stroke-linejoin=\"round\" class=\"lucide lucide-fish w-6 h-6 text-primary\"><path d=\"M6.5 12c.94-3.46 4.94-6 8.5-6 3.56 0 6.06 2.54 7 6-.94 3.47-3.44 6-7 6s-7.56-2.53-8.5-6Z\" stroke=\"#135B6C\" fill=\"none\" stroke-width=\"2px\"><\/path><path d=\"M18 12v.5\" stroke=\"#135B6C\" fill=\"none\" stroke-width=\"2px\"><\/path><path d=\"M16 17.93a9.77 9.77 0 0 1 0-11.86\" stroke=\"#135B6C\" fill=\"none\" stroke-width=\"2px\"><\/path><path d=\"M7 10.67C7 8 5.58 5.97 2.73 5.5c-1 1.5-1 5 .23 6.5-1.24 1.5-1.24 5-.23 6.5C5.58 18.03 7 16 7 13.33\" stroke=\"#135B6C\" fill=\"none\" stroke-width=\"2px\"><\/path><path d=\"M10.46 7.26C10.2 5.88 9.17 4.24 8 3h5.8a2 2 0 0 1 1.98 1.67l.23 1.4\" stroke=\"#135B6C\" fill=\"none\" stroke-width=\"2px\"><\/path><path d=\"m16.01 17.93-.23 1.4A2 2 0 0 1 13.8 21H9.5a5.96 5.96 0 0 0 1.49-3.98\" stroke=\"#135B6C\" fill=\"none\" stroke-width=\"2px\"><\/path><\/svg>\t\t\t\t<\/span>\n\t\t\t<\/div>\n\t\t\t\n\t\t\t\t\t\t<div class=\"elementor-icon-box-content\">\n\n\t\t\t\t\t\t\t\t\t<h3 class=\"elementor-icon-box-title\">\n\t\t\t\t\t\t<span  >\n\t\t\t\t\t\t\tVei\u00f0itegundir\t\t\t\t\t\t<\/span>\n\t\t\t\t\t<\/h3>\n\t\t\t\t\n\t\t\t\t\n\t\t\t<\/div>\n\t\t\t\n\t\t<\/div>\n\t\t\t\t\t\t<\/div>\n\t\t\t\t<div class=\"elementor-element elementor-element-7486aea elementor-widget elementor-widget-text-editor\" data-id=\"7486aea\" data-element_type=\"widget\" data-e-type=\"widget\" data-widget_type=\"text-editor.default\">\n\t\t\t\t\t\t\t\t\t<p>\u00c1 \u00cdslandi er h\u00e6gt a\u00f0 vei\u00f0a \u00fdmsar fisktegundir:<br \/><br \/>\u2022 Atlantshafslax (Salmo salar) &#8211; Konungur \u00edslenskra vei\u00f0ifiska<br \/>\u2022 Urri\u00f0i (Salmo trutta) &#8211; B\u00e6\u00f0i \u00ed ferskvatni og sj\u00f3<br \/>\u2022 Bleikja (Salvelinus alpinus) &#8211; Algeng \u00ed v\u00f6tnum landsins<br \/>\u2022 Sj\u00f3birtingur &#8211; Urri\u00f0i sem fer \u00ed sj\u00f3<br \/><br \/>Sumar tegundir eru fri\u00f0a\u00f0ar \u00e1 \u00e1kve\u00f0num t\u00edmum og mikilv\u00e6gt er a\u00f0 \u00feekkja reglur hvers sv\u00e6\u00f0is.<\/p>\t\t\t\t\t\t\t\t<\/div>\n\t\t\t\t<\/div>\n\t\t<div class=\"elementor-element elementor-element-e3fe445 e-con-full e-flex e-con e-child\" data-id=\"e3fe445\" data-element_type=\"container\" data-e-type=\"container\" data-settings=\"{&quot;background_background&quot;:&quot;classic&quot;}\">\n\t\t\t\t<div class=\"elementor-element elementor-element-1805c21 elementor-position-inline-start elementor-mobile-position-inline-start elementor-view-default elementor-widget elementor-widget-icon-box\" data-id=\"1805c21\" data-element_type=\"widget\" data-e-type=\"widget\" data-widget_type=\"icon-box.default\">\n\t\t\t\t\t\t\t<div class=\"elementor-icon-box-wrapper\">\n\n\t\t\t\t\t\t<div class=\"elementor-icon-box-icon\">\n\t\t\t\t<span  class=\"elementor-icon\">\n\t\t\t\t<svg xmlns:xlink=\"http:\/\/www.w3.org\/1999\/xlink\" xmlns=\"http:\/\/www.w3.org\/2000\/svg\" width=\"24\" height=\"24\" viewBox=\"0 0 24 24\" fill=\"none\" stroke=\"currentColor\" stroke-width=\"2\" stroke-linecap=\"round\" stroke-linejoin=\"round\" class=\"lucide lucide-triangle-alert w-6 h-6 text-primary\"><path d=\"m21.73 18-8-14a2 2 0 0 0-3.48 0l-8 14A2 2 0 0 0 4 21h16a2 2 0 0 0 1.73-3\" stroke=\"#135B6C\" fill=\"none\" stroke-width=\"2px\"><\/path><path d=\"M12 9v4\" stroke=\"#135B6C\" fill=\"none\" stroke-width=\"2px\"><\/path><path d=\"M12 17h.01\" stroke=\"#135B6C\" fill=\"none\" stroke-width=\"2px\"><\/path><\/svg>\t\t\t\t<\/span>\n\t\t\t<\/div>\n\t\t\t\n\t\t\t\t\t\t<div class=\"elementor-icon-box-content\">\n\n\t\t\t\t\t\t\t\t\t<h3 class=\"elementor-icon-box-title\">\n\t\t\t\t\t\t<span  >\n\t\t\t\t\t\t\tReglur og si\u00f0ir\t\t\t\t\t\t<\/span>\n\t\t\t\t\t<\/h3>\n\t\t\t\t\n\t\t\t\t\n\t\t\t<\/div>\n\t\t\t\n\t\t<\/div>\n\t\t\t\t\t\t<\/div>\n\t\t\t\t<div class=\"elementor-element elementor-element-140cbdd elementor-widget elementor-widget-text-editor\" data-id=\"140cbdd\" data-element_type=\"widget\" data-e-type=\"widget\" data-widget_type=\"text-editor.default\">\n\t\t\t\t\t\t\t\t\t<p>Vei\u00f0imenn \u00feurfa a\u00f0 vir\u00f0a \u00e1kve\u00f0nar reglur og si\u00f0i:<br \/><br \/>\u2022 Sl\u00e1ttutakmark &#8211; H\u00e1marksfj\u00f6ldi fiska sem m\u00e1 sl\u00e1tra<br \/>\u2022 Flugvei\u00f0i eing\u00f6ngu &#8211; Sum sv\u00e6\u00f0i leyfa a\u00f0eins flugvei\u00f0i<br \/>\u2022 S\u00f3tthreinsun &#8211; Allur b\u00fana\u00f0ur \u00fearf a\u00f0 vera hreinn<br \/>\u2022 Catch and release &#8211; Sum sv\u00e6\u00f0i krefjast \u00feess a\u00f0 allur fiskur s\u00e9 sleppt<br \/><br \/>Vir\u00f0um n\u00e1tt\u00faruna og skilum henni eins og vi\u00f0 fundum hana.<\/p>\t\t\t\t\t\t\t\t<\/div>\n\t\t\t\t<\/div>\n\t\t<div class=\"elementor-element elementor-element-3c0f6b2 e-con-full e-flex e-con e-child\" data-id=\"3c0f6b2\" data-element_type=\"container\" data-e-type=\"container\" data-settings=\"{&quot;background_background&quot;:&quot;classic&quot;}\">\n\t\t\t\t<div class=\"elementor-element elementor-element-78b5d1f elementor-position-inline-start elementor-mobile-position-inline-start elementor-view-default elementor-widget elementor-widget-icon-box\" data-id=\"78b5d1f\" data-element_type=\"widget\" data-e-type=\"widget\" data-widget_type=\"icon-box.default\">\n\t\t\t\t\t\t\t<div class=\"elementor-icon-box-wrapper\">\n\n\t\t\t\t\t\t<div class=\"elementor-icon-box-icon\">\n\t\t\t\t<span  class=\"elementor-icon\">\n\t\t\t\t<svg xmlns:xlink=\"http:\/\/www.w3.org\/1999\/xlink\" xmlns=\"http:\/\/www.w3.org\/2000\/svg\" width=\"24\" height=\"24\" viewBox=\"0 0 24 24\" fill=\"none\" stroke=\"currentColor\" stroke-width=\"2\" stroke-linecap=\"round\" stroke-linejoin=\"round\" class=\"lucide lucide-book-open w-6 h-6 text-primary\"><path d=\"M12 7v14\" stroke=\"#135B6C\" fill=\"none\" stroke-width=\"2px\"><\/path><path d=\"M3 18a1 1 0 0 1-1-1V4a1 1 0 0 1 1-1h5a4 4 0 0 1 4 4 4 4 0 0 1 4-4h5a1 1 0 0 1 1 1v13a1 1 0 0 1-1 1h-6a3 3 0 0 0-3 3 3 3 0 0 0-3-3z\" stroke=\"#135B6C\" fill=\"none\" stroke-width=\"2px\"><\/path><\/svg>\t\t\t\t<\/span>\n\t\t\t<\/div>\n\t\t\t\n\t\t\t\t\t\t<div class=\"elementor-icon-box-content\">\n\n\t\t\t\t\t\t\t\t\t<h3 class=\"elementor-icon-box-title\">\n\t\t\t\t\t\t<span  >\n\t\t\t\t\t\t\tR\u00e1\u00f0leggingar\t\t\t\t\t\t<\/span>\n\t\t\t\t\t<\/h3>\n\t\t\t\t\n\t\t\t\t\n\t\t\t<\/div>\n\t\t\t\n\t\t<\/div>\n\t\t\t\t\t\t<\/div>\n\t\t\t\t<div class=\"elementor-element elementor-element-7511466 elementor-widget elementor-widget-text-editor\" data-id=\"7511466\" data-element_type=\"widget\" data-e-type=\"widget\" data-widget_type=\"text-editor.default\">\n\t\t\t\t\t\t\t\t\t<p>H\u00e9r eru nokkrar r\u00e1\u00f0leggingar fyrir vei\u00f0imenn:<br \/><br \/>\u2022 Kynnum okkur vel vei\u00f0isv\u00e6\u00f0i\u00f0 \u00e1\u00f0ur en vi\u00f0 f\u00f6rum<br \/>\u2022 Sko\u00f0um ve\u00f0ursp\u00e1r og vei\u00f0isp\u00e1r<br \/>\u2022 H\u00f6fum vi\u00f0eigandi b\u00fana\u00f0 og kl\u00e6\u00f0na\u00f0<br \/>\u2022 Tilkynnum alltaf hvert vi\u00f0 erum a\u00f0 fara<br \/>\u2022 Vir\u00f0um landeigendur og a\u00f0ra vei\u00f0imenn<br \/><br \/>G\u00f3\u00f0 undirb\u00faningur tryggir betri upplifun.<\/p>\t\t\t\t\t\t\t\t<\/div>\n\t\t\t\t<\/div>\n\t\t<div class=\"elementor-element elementor-element-27cd76b e-con-full e-flex e-con e-child\" data-id=\"27cd76b\" data-element_type=\"container\" data-e-type=\"container\" data-settings=\"{&quot;background_background&quot;:&quot;classic&quot;}\">\n\t\t\t\t<div class=\"elementor-element elementor-element-fb875c0 elementor-position-inline-start elementor-mobile-position-inline-start elementor-view-default elementor-widget elementor-widget-icon-box\" data-id=\"fb875c0\" data-element_type=\"widget\" data-e-type=\"widget\" data-widget_type=\"icon-box.default\">\n\t\t\t\t\t\t\t<div class=\"elementor-icon-box-wrapper\">\n\n\t\t\t\t\t\t<div class=\"elementor-icon-box-icon\">\n\t\t\t\t<span  class=\"elementor-icon\">\n\t\t\t\t<svg xmlns:xlink=\"http:\/\/www.w3.org\/1999\/xlink\" xmlns=\"http:\/\/www.w3.org\/2000\/svg\" width=\"24\" height=\"24\" viewBox=\"0 0 24 24\" fill=\"none\" stroke=\"currentColor\" stroke-width=\"2\" stroke-linecap=\"round\" stroke-linejoin=\"round\" class=\"lucide lucide-map-pin w-6 h-6 text-primary\"><path d=\"M20 10c0 4.993-5.539 10.193-7.399 11.799a1 1 0 0 1-1.202 0C9.539 20.193 4 14.993 4 10a8 8 0 0 1 16 0\" stroke=\"#135B6C\" fill=\"none\" stroke-width=\"2px\"><\/path><circle cx=\"12\" cy=\"10\" r=\"3\" stroke=\"#135B6C\" fill=\"none\" stroke-width=\"2px\"><\/circle><\/svg>\t\t\t\t<\/span>\n\t\t\t<\/div>\n\t\t\t\n\t\t\t\t\t\t<div class=\"elementor-icon-box-content\">\n\n\t\t\t\t\t\t\t\t\t<h3 class=\"elementor-icon-box-title\">\n\t\t\t\t\t\t<span  >\n\t\t\t\t\t\t\tA\u00f0gengi og sta\u00f0setningar\t\t\t\t\t\t<\/span>\n\t\t\t\t\t<\/h3>\n\t\t\t\t\n\t\t\t\t\n\t\t\t<\/div>\n\t\t\t\n\t\t<\/div>\n\t\t\t\t\t\t<\/div>\n\t\t\t\t<div class=\"elementor-element elementor-element-10d5079 elementor-widget elementor-widget-text-editor\" data-id=\"10d5079\" data-element_type=\"widget\" data-e-type=\"widget\" data-widget_type=\"text-editor.default\">\n\t\t\t\t\t\t\t\t\t<p>Flestir vei\u00f0ista\u00f0ir eru au\u00f0velt a\u00f0gengilegir:<br \/><br \/>\u2022 Margir sta\u00f0ir eru vi\u00f0 \u00fej\u00f3\u00f0vegi e\u00f0a au\u00f0farnar sl\u00f3\u00f0ir<br \/>\u2022 Sumir sta\u00f0ir krefjast fer\u00f0ar um \u00f3breytt land<br \/>\u2022 Gott er a\u00f0 hafa kort e\u00f0a GPS t\u00e6ki<br \/>\u2022 Respektum einkaeignir og gir\u00f0ingar<br \/><br \/>\u00c1 vefs\u00ed\u00f0unni okkar finnur \u00fe\u00fa n\u00e1kv\u00e6mar lei\u00f0beiningar um a\u00f0gengi a\u00f0 hverjum sta\u00f0.<\/p>\t\t\t\t\t\t\t\t<\/div>\n\t\t\t\t<\/div>\n\t\t\t\t\t<\/div>\n\t\t\t\t<\/div>\n\t\t\t\t<\/div>\n\t\t","protected":false},"excerpt":{"rendered":"<p>Heim Uppl\u00fdsingar um vei\u00f0ar Allt sem \u00fe\u00fa \u00fearft a\u00f0 vita um stangvei\u00f0ar \u00e1 \u00cdslandi &#8211; reglur, leyfi og r\u00e1\u00f0leggingar. Almenn [&hellip;]<\/p>\n","protected":false},"author":5,"featured_media":0,"parent":0,"menu_order":0,"comment_status":"closed","ping_status":"closed","template":"elementor_header_footer","meta":{"_acf_changed":false,"site-sidebar-layout":"no-sidebar","site-content-layout":"","ast-site-content-layout":"full-width-container","site-content-style":"default","site-sidebar-style":"default","ast-global-header-display":"","ast-banner-title-visibility":"","ast-main-header-display":"","ast-hfb-above-header-display":"","ast-hfb-below-header-display":"","ast-hfb-mobile-header-display":"","site-post-title":"disabled","ast-breadcrumbs-content":"","ast-featured-img":"disabled","footer-sml-layout":"","ast-disable-related-posts":"","theme-transparent-header-meta":"","adv-header-id-meta":"","stick-header-meta":"","header-above-stick-meta":"","header-main-stick-meta":"","header-below-stick-meta":"","astra-migrate-meta-layouts":"default","ast-page-background-enabled":"default","ast-page-background-meta":{"desktop":{"background-color":"var(--ast-global-color-5)","background-image":"","background-repeat":"repeat","background-position":"center center","background-size":"auto","background-attachment":"scroll","background-type":"","background-media":"","overlay-type":"","overlay-color":"","overlay-opacity":"","overlay-gradient":""},"tablet":{"background-color":"","background-image":"","background-repeat":"repeat","background-position":"center center","background-size":"auto","background-attachment":"scroll","background-type":"","background-media":"","overlay-type":"","overlay-color":"","overlay-opacity":"","overlay-gradient":""},"mobile":{"background-color":"","background-image":"","background-repeat":"repeat","background-position":"center center","background-size":"auto","background-attachment":"scroll","background-type":"","background-media":"","overlay-type":"","overlay-color":"","overlay-opacity":"","overlay-gradient":""}},"ast-content-background-meta":{"desktop":{"background-color":"var(--ast-global-color-4)","background-image":"","background-repeat":"repeat","background-position":"center center","background-size":"auto","background-attachment":"scroll","background-type":"","background-media":"","overlay-type":"","overlay-color":"","overlay-opacity":"","overlay-gradient":""},"tablet":{"background-color":"var(--ast-global-color-4)","background-image":"","background-repeat":"repeat","background-position":"center center","background-size":"auto","background-attachment":"scroll","background-type":"","background-media":"","overlay-type":"","overlay-color":"","overlay-opacity":"","overlay-gradient":""},"mobile":{"background-color":"var(--ast-global-color-4)","background-image":"","background-repeat":"repeat","background-position":"center center","background-size":"auto","background-attachment":"scroll","background-type":"","background-media":"","overlay-type":"","overlay-color":"","overlay-opacity":"","overlay-gradient":""}},"footnotes":""},"class_list":["post-47","page","type-page","status-publish","hentry"],"acf":[],"_links":{"self":[{"href":"http:\/\/veidistadir-is.hill.shared.1984.is\/index.php?rest_route=\/wp\/v2\/pages\/47","targetHints":{"allow":["GET"]}}],"collection":[{"href":"http:\/\/veidistadir-is.hill.shared.1984.is\/index.php?rest_route=\/wp\/v2\/pages"}],"about":[{"href":"http:\/\/veidistadir-is.hill.shared.1984.is\/index.php?rest_route=\/wp\/v2\/types\/page"}],"author":[{"embeddable":true,"href":"http:\/\/veidistadir-is.hill.shared.1984.is\/index.php?rest_route=\/wp\/v2\/users\/5"}],"replies":[{"embeddable":true,"href":"http:\/\/veidistadir-is.hill.shared.1984.is\/index.php?rest_route=%2Fwp%2Fv2%2Fcomments&post=47"}],"version-history":[{"count":61,"href":"http:\/\/veidistadir-is.hill.shared.1984.is\/index.php?rest_route=\/wp\/v2\/pages\/47\/revisions"}],"predecessor-version":[{"id":1610,"href":"http:\/\/veidistadir-is.hill.shared.1984.is\/index.php?rest_route=\/wp\/v2\/pages\/47\/revisions\/1610"}],"wp:attachment":[{"href":"http:\/\/veidistadir-is.hill.shared.1984.is\/index.php?rest_route=%2Fwp%2Fv2%2Fmedia&parent=47"}],"curies":[{"name":"wp","href":"https:\/\/api.w.org\/{rel}","templated":true}]}}