{"id":1094,"date":"2025-12-14T04:33:18","date_gmt":"2025-12-14T04:33:18","guid":{"rendered":"https:\/\/ringiv.wpriser.com\/?post_type=product&#038;p=1094"},"modified":"2025-12-14T04:33:18","modified_gmt":"2025-12-14T04:33:18","slug":"icelandic-salmon-rod","status":"publish","type":"product","link":"http:\/\/veidistadir-is.hill.shared.1984.is\/?product=icelandic-salmon-rod","title":{"rendered":"Icelandic Salmon Rod"},"content":{"rendered":"<p><strong data-start=\"337\" data-end=\"361\">Icelandic Salmon Rod<\/strong> er h\u00f6nnu\u00f0 til a\u00f0 standast \u00fe\u00e6r \u00e1skoranir sem \u00edslensk vei\u00f0iv\u00f6tn bj\u00f3\u00f0a upp \u00e1. Me\u00f0 l\u00e9ttum, en sterkum byggingum, b\u00fd\u00f0ur \u00feessi vei\u00f0istangir fram\u00farskarandi styrk og n\u00e6mni. Hvort sem \u00fe\u00fa ert byrjandi e\u00f0a vanur vei\u00f0ima\u00f0ur, veitir \u00feessi stangir \u00fe\u00e6gilegt grip og mj\u00faka vei\u00f0iupplifun. Lengd og sveigjanleiki stangarinnar er s\u00e9rsni\u00f0in fyrir laxvei\u00f0i, sem gerir \u00fea\u00f0 a\u00f0 \u00f3missandi t\u00e6ki fyrir \u00edslenskar vei\u00f0ifer\u00f0ir.<\/p>\n","protected":false},"excerpt":{"rendered":"<p>Sterk og h\u00e1frammista rod sem er s\u00e9rstaklega h\u00f6nnu\u00f0 fyrir laxvei\u00f0i \u00ed \u00edslenskum v\u00f6tnum.<\/p>\n","protected":false},"featured_media":1101,"comment_status":"open","ping_status":"closed","template":"","meta":{"_acf_changed":false,"site-sidebar-layout":"default","site-content-layout":"","ast-site-content-layout":"default","site-content-style":"default","site-sidebar-style":"default","ast-global-header-display":"","ast-banner-title-visibility":"","ast-main-header-display":"","ast-hfb-above-header-display":"","ast-hfb-below-header-display":"","ast-hfb-mobile-header-display":"","site-post-title":"","ast-breadcrumbs-content":"","ast-featured-img":"","footer-sml-layout":"","ast-disable-related-posts":"","theme-transparent-header-meta":"default","adv-header-id-meta":"","stick-header-meta":"","header-above-stick-meta":"","header-main-stick-meta":"","header-below-stick-meta":"","astra-migrate-meta-layouts":"set","ast-page-background-enabled":"default","ast-page-background-meta":{"desktop":{"background-color":"var(--ast-global-color-5)","background-image":"","background-repeat":"repeat","background-position":"center center","background-size":"auto","background-attachment":"scroll","background-type":"","background-media":"","overlay-type":"","overlay-color":"","overlay-opacity":"","overlay-gradient":""},"tablet":{"background-color":"","background-image":"","background-repeat":"repeat","background-position":"center center","background-size":"auto","background-attachment":"scroll","background-type":"","background-media":"","overlay-type":"","overlay-color":"","overlay-opacity":"","overlay-gradient":""},"mobile":{"background-color":"","background-image":"","background-repeat":"repeat","background-position":"center center","background-size":"auto","background-attachment":"scroll","background-type":"","background-media":"","overlay-type":"","overlay-color":"","overlay-opacity":"","overlay-gradient":""}},"ast-content-background-meta":{"desktop":{"background-color":"var(--ast-global-color-4)","background-image":"","background-repeat":"repeat","background-position":"center center","background-size":"auto","background-attachment":"scroll","background-type":"","background-media":"","overlay-type":"","overlay-color":"","overlay-opacity":"","overlay-gradient":""},"tablet":{"background-color":"var(--ast-global-color-4)","background-image":"","background-repeat":"repeat","background-position":"center center","background-size":"auto","background-attachment":"scroll","background-type":"","background-media":"","overlay-type":"","overlay-color":"","overlay-opacity":"","overlay-gradient":""},"mobile":{"background-color":"var(--ast-global-color-4)","background-image":"","background-repeat":"repeat","background-position":"center center","background-size":"auto","background-attachment":"scroll","background-type":"","background-media":"","overlay-type":"","overlay-color":"","overlay-opacity":"","overlay-gradient":""}}},"product_brand":[],"product_cat":[28,15],"product_tag":[],"class_list":{"0":"post-1094","1":"product","2":"type-product","3":"status-publish","4":"has-post-thumbnail","6":"product_cat-arskort","7":"product_cat-fishing-permit","8":"desktop-align-left","9":"tablet-align-left","10":"mobile-align-left","12":"first","13":"instock","14":"shipping-taxable","15":"purchasable","16":"product-type-simple"},"acf":[],"_links":{"self":[{"href":"http:\/\/veidistadir-is.hill.shared.1984.is\/index.php?rest_route=\/wp\/v2\/product\/1094","targetHints":{"allow":["GET"]}}],"collection":[{"href":"http:\/\/veidistadir-is.hill.shared.1984.is\/index.php?rest_route=\/wp\/v2\/product"}],"about":[{"href":"http:\/\/veidistadir-is.hill.shared.1984.is\/index.php?rest_route=\/wp\/v2\/types\/product"}],"replies":[{"embeddable":true,"href":"http:\/\/veidistadir-is.hill.shared.1984.is\/index.php?rest_route=%2Fwp%2Fv2%2Fcomments&post=1094"}],"wp:featuredmedia":[{"embeddable":true,"href":"http:\/\/veidistadir-is.hill.shared.1984.is\/index.php?rest_route=\/wp\/v2\/media\/1101"}],"wp:attachment":[{"href":"http:\/\/veidistadir-is.hill.shared.1984.is\/index.php?rest_route=%2Fwp%2Fv2%2Fmedia&parent=1094"}],"wp:term":[{"taxonomy":"product_brand","embeddable":true,"href":"http:\/\/veidistadir-is.hill.shared.1984.is\/index.php?rest_route=%2Fwp%2Fv2%2Fproduct_brand&post=1094"},{"taxonomy":"product_cat","embeddable":true,"href":"http:\/\/veidistadir-is.hill.shared.1984.is\/index.php?rest_route=%2Fwp%2Fv2%2Fproduct_cat&post=1094"},{"taxonomy":"product_tag","embeddable":true,"href":"http:\/\/veidistadir-is.hill.shared.1984.is\/index.php?rest_route=%2Fwp%2Fv2%2Fproduct_tag&post=1094"}],"curies":[{"name":"wp","href":"https:\/\/api.w.org\/{rel}","templated":true}]}}