{"id":1119,"date":"2025-12-14T04:47:40","date_gmt":"2025-12-14T04:47:40","guid":{"rendered":"https:\/\/ringiv.wpriser.com\/?post_type=product&#038;p=1119"},"modified":"2025-12-14T05:14:16","modified_gmt":"2025-12-14T05:14:16","slug":"iceland-trout-bait","status":"publish","type":"product","link":"http:\/\/veidistadir-is.hill.shared.1984.is\/?product=iceland-trout-bait","title":{"rendered":"Iceland Trout Bait"},"content":{"rendered":"<p><strong data-start=\"1659\" data-end=\"1681\">Iceland Trout Bait<\/strong> er fyrsta flokks agn sem er s\u00e9rstaklega hanna\u00f0 fyrir vei\u00f0i \u00ed kristalt\u00e6rum, k\u00f6ldum v\u00f6tnum \u00cdslands. \u00deetta agn er me\u00f0 n\u00e1tt\u00farulegan lykt og \u00e1fer\u00f0 sem l\u00edkir eftir matarvenjum sta\u00f0bundinna fiska og eykur l\u00edkurnar \u00e1 \u00e1rangursr\u00edkri vei\u00f0i. Hvort sem \u00fe\u00fa ert a\u00f0 vei\u00f0a \u00ed ferskvatni e\u00f0a sj\u00f3, tryggir <strong data-start=\"1968\" data-end=\"1990\">Iceland Trout Bait<\/strong> a\u00f0 \u00fe\u00fa s\u00e9rt me\u00f0 r\u00e9tta t\u00e6kni til a\u00f0 n\u00e1 \u00ed bestu vei\u00f0ina.<\/p>\n","protected":false},"excerpt":{"rendered":"<p>S\u00e9rstaklega hanna\u00f0 agn fyrir urri\u00f0a, sem er \u00fatb\u00fai\u00f0 til a\u00f0 la\u00f0a \u00fe\u00e1 a\u00f0 \u00edslenskum v\u00f6tnum.<\/p>\n","protected":false},"featured_media":1127,"comment_status":"open","ping_status":"closed","template":"","meta":{"_acf_changed":false,"site-sidebar-layout":"default","site-content-layout":"","ast-site-content-layout":"default","site-content-style":"default","site-sidebar-style":"default","ast-global-header-display":"","ast-banner-title-visibility":"","ast-main-header-display":"","ast-hfb-above-header-display":"","ast-hfb-below-header-display":"","ast-hfb-mobile-header-display":"","site-post-title":"","ast-breadcrumbs-content":"","ast-featured-img":"","footer-sml-layout":"","ast-disable-related-posts":"","theme-transparent-header-meta":"default","adv-header-id-meta":"","stick-header-meta":"","header-above-stick-meta":"","header-main-stick-meta":"","header-below-stick-meta":"","astra-migrate-meta-layouts":"set","ast-page-background-enabled":"default","ast-page-background-meta":{"desktop":{"background-color":"var(--ast-global-color-5)","background-image":"","background-repeat":"repeat","background-position":"center center","background-size":"auto","background-attachment":"scroll","background-type":"","background-media":"","overlay-type":"","overlay-color":"","overlay-opacity":"","overlay-gradient":""},"tablet":{"background-color":"","background-image":"","background-repeat":"repeat","background-position":"center center","background-size":"auto","background-attachment":"scroll","background-type":"","background-media":"","overlay-type":"","overlay-color":"","overlay-opacity":"","overlay-gradient":""},"mobile":{"background-color":"","background-image":"","background-repeat":"repeat","background-position":"center center","background-size":"auto","background-attachment":"scroll","background-type":"","background-media":"","overlay-type":"","overlay-color":"","overlay-opacity":"","overlay-gradient":""}},"ast-content-background-meta":{"desktop":{"background-color":"var(--ast-global-color-4)","background-image":"","background-repeat":"repeat","background-position":"center center","background-size":"auto","background-attachment":"scroll","background-type":"","background-media":"","overlay-type":"","overlay-color":"","overlay-opacity":"","overlay-gradient":""},"tablet":{"background-color":"var(--ast-global-color-4)","background-image":"","background-repeat":"repeat","background-position":"center center","background-size":"auto","background-attachment":"scroll","background-type":"","background-media":"","overlay-type":"","overlay-color":"","overlay-opacity":"","overlay-gradient":""},"mobile":{"background-color":"var(--ast-global-color-4)","background-image":"","background-repeat":"repeat","background-position":"center center","background-size":"auto","background-attachment":"scroll","background-type":"","background-media":"","overlay-type":"","overlay-color":"","overlay-opacity":"","overlay-gradient":""}}},"product_brand":[],"product_cat":[29,15],"product_tag":[],"class_list":{"0":"post-1119","1":"product","2":"type-product","3":"status-publish","4":"has-post-thumbnail","6":"product_cat-gift-card","7":"product_cat-fishing-permit","8":"desktop-align-left","9":"tablet-align-left","10":"mobile-align-left","12":"first","13":"instock","14":"shipping-taxable","15":"purchasable","16":"product-type-simple"},"acf":[],"_links":{"self":[{"href":"http:\/\/veidistadir-is.hill.shared.1984.is\/index.php?rest_route=\/wp\/v2\/product\/1119","targetHints":{"allow":["GET"]}}],"collection":[{"href":"http:\/\/veidistadir-is.hill.shared.1984.is\/index.php?rest_route=\/wp\/v2\/product"}],"about":[{"href":"http:\/\/veidistadir-is.hill.shared.1984.is\/index.php?rest_route=\/wp\/v2\/types\/product"}],"replies":[{"embeddable":true,"href":"http:\/\/veidistadir-is.hill.shared.1984.is\/index.php?rest_route=%2Fwp%2Fv2%2Fcomments&post=1119"}],"wp:featuredmedia":[{"embeddable":true,"href":"http:\/\/veidistadir-is.hill.shared.1984.is\/index.php?rest_route=\/wp\/v2\/media\/1127"}],"wp:attachment":[{"href":"http:\/\/veidistadir-is.hill.shared.1984.is\/index.php?rest_route=%2Fwp%2Fv2%2Fmedia&parent=1119"}],"wp:term":[{"taxonomy":"product_brand","embeddable":true,"href":"http:\/\/veidistadir-is.hill.shared.1984.is\/index.php?rest_route=%2Fwp%2Fv2%2Fproduct_brand&post=1119"},{"taxonomy":"product_cat","embeddable":true,"href":"http:\/\/veidistadir-is.hill.shared.1984.is\/index.php?rest_route=%2Fwp%2Fv2%2Fproduct_cat&post=1119"},{"taxonomy":"product_tag","embeddable":true,"href":"http:\/\/veidistadir-is.hill.shared.1984.is\/index.php?rest_route=%2Fwp%2Fv2%2Fproduct_tag&post=1119"}],"curies":[{"name":"wp","href":"https:\/\/api.w.org\/{rel}","templated":true}]}}