{"id":1135,"date":"2025-12-14T05:09:42","date_gmt":"2025-12-14T05:09:42","guid":{"rendered":"https:\/\/ringiv.wpriser.com\/?post_type=product&#038;p=1135"},"modified":"2026-01-05T13:37:22","modified_gmt":"2026-01-05T13:37:22","slug":"icelandic-fishing-hat","status":"publish","type":"product","link":"http:\/\/veidistadir-is.hill.shared.1984.is\/?product=icelandic-fishing-hat","title":{"rendered":"Icelandic Fishing Hat"},"content":{"rendered":"<p><strong data-start=\"2270\" data-end=\"2294\">Vei\u00f0il\u00edna \u00cdslands<\/strong>\u00a0er h\u00f6nnu\u00f0 fyrir vei\u00f0imenn sem krefjast \u00e1rei\u00f0anleika og styrks \u00ed erfi\u00f0um a\u00f0st\u00e6\u00f0um. \u00deessi vei\u00f0il\u00edna er s\u00e9rstaklega h\u00f6nnu\u00f0 fyrir b\u00e6\u00f0i ferskvatnsvei\u00f0i og sj\u00e1varvei\u00f0i, sem gerir hana fullkomna fyrir fj\u00f6lbreyttar vei\u00f0i a\u00f0st\u00e6\u00f0ur \u00e1 \u00cdslandi. Meirih\u00e1ttar togstyrkur hennar tryggir a\u00f0 h\u00fan geti haldi\u00f0 til st\u00f3rum fiski, \u00e1 me\u00f0an sveigjanleiki hennar gerir \u00fea\u00f0 au\u00f0velt a\u00f0 kasta og me\u00f0h\u00f6ndla. Hvort sem \u00fe\u00fa ert a\u00f0 vei\u00f0a \u00ed k\u00f6ldum \u00e1m e\u00f0a \u00e1 str\u00f6ndum, veitir \u00feessi vei\u00f0il\u00edna \u00fe\u00e9r \u00fe\u00e1 auknu tr\u00fa \u00e1 \u00e1rangur.<\/p>\n","protected":false},"excerpt":{"rendered":"<p data-start=\"2134\" data-end=\"2250\">Sterk og sveigjanleg vei\u00f0il\u00edna sem hentar b\u00e6\u00f0i fyrir ferskvatnsvei\u00f0i og sj\u00e1varvei\u00f0i \u00e1 \u00cdslandi.<\/p>\n","protected":false},"featured_media":1117,"comment_status":"open","ping_status":"closed","template":"","meta":{"_acf_changed":false,"site-sidebar-layout":"default","site-content-layout":"","ast-site-content-layout":"default","site-content-style":"default","site-sidebar-style":"default","ast-global-header-display":"","ast-banner-title-visibility":"","ast-main-header-display":"","ast-hfb-above-header-display":"","ast-hfb-below-header-display":"","ast-hfb-mobile-header-display":"","site-post-title":"","ast-breadcrumbs-content":"","ast-featured-img":"","footer-sml-layout":"","ast-disable-related-posts":"","theme-transparent-header-meta":"default","adv-header-id-meta":"","stick-header-meta":"","header-above-stick-meta":"","header-main-stick-meta":"","header-below-stick-meta":"","astra-migrate-meta-layouts":"set","ast-page-background-enabled":"default","ast-page-background-meta":{"desktop":{"background-color":"var(--ast-global-color-5)","background-image":"","background-repeat":"repeat","background-position":"center center","background-size":"auto","background-attachment":"scroll","background-type":"","background-media":"","overlay-type":"","overlay-color":"","overlay-opacity":"","overlay-gradient":""},"tablet":{"background-color":"","background-image":"","background-repeat":"repeat","background-position":"center center","background-size":"auto","background-attachment":"scroll","background-type":"","background-media":"","overlay-type":"","overlay-color":"","overlay-opacity":"","overlay-gradient":""},"mobile":{"background-color":"","background-image":"","background-repeat":"repeat","background-position":"center center","background-size":"auto","background-attachment":"scroll","background-type":"","background-media":"","overlay-type":"","overlay-color":"","overlay-opacity":"","overlay-gradient":""}},"ast-content-background-meta":{"desktop":{"background-color":"var(--ast-global-color-4)","background-image":"","background-repeat":"repeat","background-position":"center center","background-size":"auto","background-attachment":"scroll","background-type":"","background-media":"","overlay-type":"","overlay-color":"","overlay-opacity":"","overlay-gradient":""},"tablet":{"background-color":"var(--ast-global-color-4)","background-image":"","background-repeat":"repeat","background-position":"center center","background-size":"auto","background-attachment":"scroll","background-type":"","background-media":"","overlay-type":"","overlay-color":"","overlay-opacity":"","overlay-gradient":""},"mobile":{"background-color":"var(--ast-global-color-4)","background-image":"","background-repeat":"repeat","background-position":"center center","background-size":"auto","background-attachment":"scroll","background-type":"","background-media":"","overlay-type":"","overlay-color":"","overlay-opacity":"","overlay-gradient":""}}},"product_brand":[],"product_cat":[28,15],"product_tag":[],"class_list":{"0":"post-1135","1":"product","2":"type-product","3":"status-publish","4":"has-post-thumbnail","6":"product_cat-arskort","7":"product_cat-fishing-permit","8":"desktop-align-left","9":"tablet-align-left","10":"mobile-align-left","12":"first","13":"instock","14":"shipping-taxable","15":"purchasable","16":"product-type-simple"},"acf":[],"_links":{"self":[{"href":"http:\/\/veidistadir-is.hill.shared.1984.is\/index.php?rest_route=\/wp\/v2\/product\/1135","targetHints":{"allow":["GET"]}}],"collection":[{"href":"http:\/\/veidistadir-is.hill.shared.1984.is\/index.php?rest_route=\/wp\/v2\/product"}],"about":[{"href":"http:\/\/veidistadir-is.hill.shared.1984.is\/index.php?rest_route=\/wp\/v2\/types\/product"}],"replies":[{"embeddable":true,"href":"http:\/\/veidistadir-is.hill.shared.1984.is\/index.php?rest_route=%2Fwp%2Fv2%2Fcomments&post=1135"}],"wp:featuredmedia":[{"embeddable":true,"href":"http:\/\/veidistadir-is.hill.shared.1984.is\/index.php?rest_route=\/wp\/v2\/media\/1117"}],"wp:attachment":[{"href":"http:\/\/veidistadir-is.hill.shared.1984.is\/index.php?rest_route=%2Fwp%2Fv2%2Fmedia&parent=1135"}],"wp:term":[{"taxonomy":"product_brand","embeddable":true,"href":"http:\/\/veidistadir-is.hill.shared.1984.is\/index.php?rest_route=%2Fwp%2Fv2%2Fproduct_brand&post=1135"},{"taxonomy":"product_cat","embeddable":true,"href":"http:\/\/veidistadir-is.hill.shared.1984.is\/index.php?rest_route=%2Fwp%2Fv2%2Fproduct_cat&post=1135"},{"taxonomy":"product_tag","embeddable":true,"href":"http:\/\/veidistadir-is.hill.shared.1984.is\/index.php?rest_route=%2Fwp%2Fv2%2Fproduct_tag&post=1135"}],"curies":[{"name":"wp","href":"https:\/\/api.w.org\/{rel}","templated":true}]}}